{"id":63,"date":"2023-11-06T17:41:37","date_gmt":"2023-11-06T16:41:37","guid":{"rendered":"https:\/\/www.back2culture.net\/?page_id=63"},"modified":"2025-03-06T09:52:08","modified_gmt":"2025-03-06T08:52:08","slug":"contact","status":"publish","type":"page","link":"https:\/\/back2culture.cm\/en\/contact\/","title":{"rendered":"Contact"},"content":{"rendered":"<style>\/*! elementor - v3.18.0 - 20-12-2023 *\/\n.elementor-heading-title{padding:0;margin:0;line-height:1}.elementor-widget-heading .elementor-heading-title[class*=elementor-size-]>a{color:inherit;font-size:inherit;line-height:inherit}.elementor-widget-heading .elementor-heading-title.elementor-size-small{font-size:15px}.elementor-widget-heading .elementor-heading-title.elementor-size-medium{font-size:19px}.elementor-widget-heading .elementor-heading-title.elementor-size-large{font-size:29px}.elementor-widget-heading .elementor-heading-title.elementor-size-xl{font-size:39px}.elementor-widget-heading .elementor-heading-title.elementor-size-xxl{font-size:59px}<\/style>\n<h1>Contactez-nous<\/h1>\n<p>Lorem ipsum dolor sit amet consectetur. Felis imperdiet varius leo non cursus risus sapien nunc vitae. Mauris ullamcorper pellentesque pulvinar dapibus. Et nunc diam mauris vitae pretium morbi. Tincidunt consequat urna lorem scelerisque tincidunt tincidunt convallis. Risus sed non sagittis ornare sollicitudin nisi convallis.<\/p>\n<p>\t\t\t<a href=\"#\"><br \/>\n\t\t\t\t\t\tAccueil<br \/>\n\t\t\t\t\t<\/a><br \/>\n\t\t\t<a href=\"#\"><br \/>\n\t\t\t\t\t\tContribution Libre<br \/>\n\t\t\t\t\t<\/a><\/p>\n<h3>Comment nous trouver<\/h3>\n<link rel=\"stylesheet\" href=\"https:\/\/back2culture.cm\/wp-content\/plugins\/elementor\/assets\/css\/widget-icon-box.min.css\">\n<h6>\n\t\t\t\t\t\tNum\u00e9ro de t\u00e9l\u00e9phone<br \/>\n\t\t\t\t<\/h6>\n<p><h6><b>+237 677 777 777<\/b><\/h6>\n<\/p>\n<h6>\n\t\t\t\t\t\tEmail<br \/>\n\t\t\t\t<\/h6>\n<p><h6><b>info@back2culture.org<\/b><\/h6>\n<\/p>\n<h6>\n\t\t\t\t\t\tLocation<br \/>\n\t\t\t\t<\/h6>\n<p><h6><b>Bonanjo,Douala <\/b><\/h6>\n<\/p>\n<h6>Pour nous <b>contactez<\/b>, ou pour devenir <b>contributeur<\/b>, remplissez le formulaire suivant<\/h6>\n<p>Vous pouvez aussi nous \u00e9crire \u00e0 info <b>@ back2culture.net<\/b><\/p>\n<style>\/*! elementor - v3.18.0 - 20-12-2023 *\/\n.elementor-widget-image{text-align:center}.elementor-widget-image a{display:inline-block}.elementor-widget-image a img[src$=\".svg\"]{width:48px}.elementor-widget-image img{vertical-align:middle;display:inline-block}<\/style>\n<p>\t\t\t\t\t\t\t\t\t\t\t\t<img decoding=\"async\" width=\"416\" height=\"435\" src=\"http:\/\/www.back2culture.net\/wp-content\/uploads\/2023\/11\/Vector-element-2.svg\" alt=\"\" \/>\t\t\t\t\t\t\t\t\t\t\t\t\t\t\t<\/p>\n<h5>FAQ<\/h5>\n<h3>Frequently Asked Questions<\/h3>\n<details id=\"e-n-accordion-item-2270\" open>\n<summary data-accordion-index=\"1\" tabindex=\"0\" aria-expanded=\"true\" aria-controls=\"e-n-accordion-item-2270\" >\n\t\t\t\t\t Que fait vraiment backtoculture ?<br \/>\n\t\t\t\t\t\t<\/summary>\n<style>\/*! elementor - v3.18.0 - 20-12-2023 *\/\n.elementor-widget-text-editor.elementor-drop-cap-view-stacked .elementor-drop-cap{background-color:#69727d;color:#fff}.elementor-widget-text-editor.elementor-drop-cap-view-framed .elementor-drop-cap{color:#69727d;border:3px solid;background-color:transparent}.elementor-widget-text-editor:not(.elementor-drop-cap-view-default) .elementor-drop-cap{margin-top:8px}.elementor-widget-text-editor:not(.elementor-drop-cap-view-default) .elementor-drop-cap-letter{width:1em;height:1em}.elementor-widget-text-editor .elementor-drop-cap{float:left;text-align:center;line-height:1;font-size:50px}.elementor-widget-text-editor .elementor-drop-cap-letter{display:inline-block}<\/style>\n<p>Lorem ipsum dolor sit amet, consectetur adipiscing elit. Ut elit tellus, luctus nec ullamcorper mattis, pulvinar dapibus leo.<\/p>\n<\/details>\n<details id=\"e-n-accordion-item-2271\" >\n<summary data-accordion-index=\"2\" tabindex=\"-1\" aria-expanded=\"false\" aria-controls=\"e-n-accordion-item-2271\" >\n\t\t\t\t\t Que fait vraiment backtoculture ?<br \/>\n\t\t\t\t\t\t<\/summary>\n<p>Lorem ipsum dolor sit amet, consectetur adipiscing elit. Ut elit tellus, luctus nec ullamcorper mattis, pulvinar dapibus leo.<\/p>\n<\/details>\n<details id=\"e-n-accordion-item-2272\" >\n<summary data-accordion-index=\"3\" tabindex=\"-1\" aria-expanded=\"false\" aria-controls=\"e-n-accordion-item-2272\" >\n\t\t\t\t\t Que fait vraiment backtoculture ?<br \/>\n\t\t\t\t\t\t<\/summary>\n<p>Lorem ipsum dolor sit amet, consectetur adipiscing elit. Ut elit tellus, luctus nec ullamcorper mattis, pulvinar dapibus leo.<\/p>\n<\/details>\n<p>Lorem ipsum dolor sit amet, consectetur adipiscing elit. Ut elit tellus, luctus nec ullamcorper mattis, pulvinar dapibus leo.<\/p>\n<p>Lorem ipsum dolor sit amet, consectetur adipiscing elit. Ut elit tellus, luctus nec ullamcorper mattis, pulvinar dapibus leo.<\/p>\n<p>Lorem ipsum dolor sit amet, consectetur adipiscing elit. Ut elit tellus, luctus nec ullamcorper mattis, pulvinar dapibus leo.<\/p>\n<h6> <b>Ask a different question<\/b>, <\/h6>\n<p>\t\t\t\t\t\t\t\t\t\t\t\t\t\t\t<img decoding=\"async\" width=\"416\" height=\"435\" src=\"http:\/\/www.back2culture.net\/wp-content\/uploads\/2023\/11\/Vector-element-2.svg\" alt=\"\" \/><\/p>\n","protected":false},"excerpt":{"rendered":"<p>Contactez-nous Lorem ipsum dolor sit amet consectetur. Felis imperdiet varius leo non cursus risus sapien nunc vitae. Mauris ullamcorper pellentesque pulvinar dapibus. Et nunc diam mauris vitae pretium morbi. Tincidunt consequat urna lorem scelerisque tincidunt tincidunt convallis. Risus sed non sagittis ornare sollicitudin nisi convallis. Accueil Contribution Libre Comment nous trouver Num\u00e9ro de t\u00e9l\u00e9phone +237 [&hellip;]<\/p>\n","protected":false},"author":2,"featured_media":0,"parent":0,"menu_order":0,"comment_status":"closed","ping_status":"closed","template":"","meta":{"_acf_changed":false,"slim_seo":{"title":"Contact - Back 2 Culture","description":"Contactez-nous Nous serions ravis d'avoir de vos nouvelles ! La section Contact de Back 2 Culture est ouverte \u00e0 tous ceux qui souhaitent \u00e9changer, poser des que"},"footnotes":""},"class_list":["post-63","page","type-page","status-publish","hentry"],"acf":[],"_links":{"self":[{"href":"https:\/\/back2culture.cm\/en\/wp-json\/wp\/v2\/pages\/63","targetHints":{"allow":["GET"]}}],"collection":[{"href":"https:\/\/back2culture.cm\/en\/wp-json\/wp\/v2\/pages"}],"about":[{"href":"https:\/\/back2culture.cm\/en\/wp-json\/wp\/v2\/types\/page"}],"author":[{"embeddable":true,"href":"https:\/\/back2culture.cm\/en\/wp-json\/wp\/v2\/users\/2"}],"replies":[{"embeddable":true,"href":"https:\/\/back2culture.cm\/en\/wp-json\/wp\/v2\/comments?post=63"}],"version-history":[{"count":12,"href":"https:\/\/back2culture.cm\/en\/wp-json\/wp\/v2\/pages\/63\/revisions"}],"predecessor-version":[{"id":4395,"href":"https:\/\/back2culture.cm\/en\/wp-json\/wp\/v2\/pages\/63\/revisions\/4395"}],"wp:attachment":[{"href":"https:\/\/back2culture.cm\/en\/wp-json\/wp\/v2\/media?parent=63"}],"curies":[{"name":"wp","href":"https:\/\/api.w.org\/{rel}","templated":true}]}}